{"id":1312,"date":"2016-10-28T10:11:45","date_gmt":"2016-10-28T03:11:45","guid":{"rendered":"http:\/\/highrise.mikado-themes.com\/?page_id=1312"},"modified":"2021-04-14T22:11:00","modified_gmt":"2021-04-14T15:11:00","slug":"gioi-thieu","status":"publish","type":"page","link":"https:\/\/namthumedia.com\/en\/gioi-thieu\/","title":{"rendered":"Gi\u1edbi thi\u1ec7u"},"content":{"rendered":"<section class=\"section\" id=\"section_2031977146\">\n\t\t<div class=\"bg section-bg fill bg-fill\" >\n\n\t\t\t\n\t\t\t\n\t\t\t\n\n\t\t<\/div>\n\n\t\t<div class=\"section-content relative\">\n\t\t\t\n\n  <div id=\"page-header-1091008177\" class=\"page-header-wrapper\">\n  <div class=\"page-title dark simple-title\">\n\n    \n    <div class=\"page-title-inner container align-center text-center flex-row-col medium-flex-wrap\" >\n              <div class=\"title-wrapper is-xlarge flex-col\">\n          <h1 class=\"entry-title mb-0\">\n                      <\/h1>\n        <\/div>\n                    <div class=\"title-content flex-col\">\n        <div class=\"title-breadcrumbs pb-half pt-half\"><nav class=\"woocommerce-breadcrumb breadcrumbs uppercase\" data-no-translation=\"\" data-trp-gettext=\"\">Home<\/nav><\/div>      <\/div>\n    <\/div>\n\n     \n<style>\n#page-header-1091008177 .page-title-inner {\n  min-height: 260px;\n}\n#page-header-1091008177 .title-overlay {\n  background-color: rgba(0, 0, 0, 0.12);\n}\n<\/style>\n  <\/div>\n    <\/div>\n  \n\n\n\t\t<\/div>\n\n\t\t\n<style>\n#section_2031977146 {\n  padding-top: 0px;\n  padding-bottom: 0px;\n}\n#section_2031977146 .section-bg.bg-loaded {\n  background-image: url(https:\/\/namthumedia.com\/wp-content\/uploads\/2021\/04\/service-bg.jpg);\n}\n<\/style>\n\t<\/section>\n\t\n<div class=\"row\"  id=\"row-581915893\">\n\n\t<div id=\"col-1383037401\" class=\"col medium-6 small-12 large-6\"  >\n\t\t<div class=\"col-inner\"  >\n\t\t\t\n\t\t\t\n<div class=\"wpb_text_column wpb_content_element\">\n<div class=\"wpb_wrapper\">\n<p style=\"text-align: justify;\"><strong>T\u1eadn t\u00e2m v\u1edbi t\u1eebng kh\u00e1ch h\u00e0ng \u2013 Ch\u0103m ch\u00fat \u0111\u1ebfn t\u1eebng chi ti\u1ebft. S\u1ef1 h\u00e0i l\u00f2ng c\u1ee7a kh\u00e1ch h\u00e0ng l\u00e0 ni\u1ec1m vinh d\u1ef1 c\u00faa ch\u00fang t\u00f4i.<\/strong><\/p>\n<\/div>\n<\/div>\n<p class=\"vc_empty_space\" style=\"text-align: justify;\"><span style=\"font-size: 14.4px;\">C\u00f4ng ty TNHH Truy\u1ec1n th\u00f4ng v\u00e0 S\u1ef1 ki\u1ec7n Nam Th\u01b0 c\u00f3 \u0111\u1ed9i ng\u0169 chuy\u00ean vi\u00ean tr\u1ebb \u0111\u00e3 kinh qua h\u1ecdc t\u1eadp, c\u00f3 nhi\u1ec1u kinh nghi\u1ec7m trong d\u1ecbch v\u1ee5 c\u01b0\u1edbi h\u1ecfi, \u0111\u00e3 t\u1eebng t\u01b0 v\u1ea5n thi\u1ebft k\u1ebf cho nhi\u1ec1u kh\u00e1ch h\u00e0ng t\u1ed5 ch\u1ee9c \u0111\u00e1m c\u01b0\u1edbi g\u00e2y \u1ea5n t\u01b0\u1ee3ng. D\u00f9 l\u00e0 l\u00e0 l\u1edbn hay nh\u1ecf, \u0111\u1ed1i v\u1edbi ch\u00fang t\u00f4i, \u0111\u01b0\u1ee3c ph\u1ee5c v\u1ee5 qu\u00fd kh\u00e1ch h\u00e0ng l\u00e0 m\u1ed9t vinh d\u1ef1 to l\u1edbn \u0111\u1ec3 kh\u1eb3ng \u0111\u1ecbnh th\u01b0\u01a1ng hi\u1ec7u c\u1ee7a Nam Th\u01b0 Media. V\u1edbi ph\u01b0\u01a1ng tr\u00e2m ti\u1ec7c kh\u00e1ch nh\u01b0 ti\u1ec7c nh\u00e0, \u0111\u1ed9i ng\u0169 nh\u00e2n vi\u00ean Nam Th\u01b0 Media lu\u00f4n lu\u00f4n h\u1ebft m\u00ecnh v\u1edbi t\u1eebng ch\u01b0\u01a1ng tr\u00ecnh m\u00e0 m\u00ecnh \u0111\u1ea3m nh\u1eadn.<\/span><\/p>\n<div>\n<p>Kh\u00e1ch h\u00e0ng \u0111\u1ebfn v\u1edbi Nam Th\u01b0 Media s\u1ebd \u0111\u01b0\u1ee3c t\u01b0 v\u1ea5n nhi\u1ec7t t\u00ecnh, \u0111\u00e1p \u1ee9ng c\u00e1c mong mu\u1ed1n v\u1ec1 m\u1ed9t Dream Wedding c\u1ee7a c\u00e1c c\u1eb7p \u0111\u00f4i,<\/p>\n<p><i>\u201d Your dream is our job and your pleasure is our happiness \u201d\u00a0<\/i><\/p>\n<p>Hi\u1ec3u \u0111\u01b0\u1ee3c s\u1ee9 m\u1ec7nh c\u1ee7a m\u00ecnh, \u0111\u1ed9i ng\u0169 nh\u00e2n vi\u00ean c\u1ee7a Nam Th\u01b0 Media kh\u00f4ng ng\u1eebng h\u1ecdc h\u1ecfi v\u00e0 s\u00e1ng t\u1ea1o \u0111\u1ec3 l\u00e0m n\u00ean m\u1ed9t ti\u1ec7c d\u1ea1m ng\u00f5 hay m\u1ed9t ti\u1ec7c c\u01b0\u1edbi th\u1eadt ri\u00eang th\u1eadt c\u00e1 t\u00ednh nh\u01b0 nh\u1eefng g\u00ec m\u00e0 kh\u00e1ch h\u00e0ng y\u00eau c\u1ea7u t\u1eeb phong c\u00e1ch l\u1ed9ng l\u1eaby sang tr\u1ecdng \u0111\u1ebfn phong c\u00e1ch m\u1ed9c m\u1ea1c gi\u1ea3n d\u1ecb\u2026 hay hi\u1ec7n \u0111\u1ea1i Ch\u00e2u \u00c2u v\u00e0 n\u00e9t truy\u1ec1n th\u1ed1ng Ch\u00e2u \u00c1\u2026..<\/p>\n<\/div>\n\t\t<\/div>\n\t\t\t<\/div>\n\n\t\n\n\t<div id=\"col-1479249055\" class=\"col medium-6 small-12 large-6\"  >\n\t\t<div class=\"col-inner\"  >\n\t\t\t\n\t\t\t\n<p>\u0110\u01b0\u1ee3c th\u00e0nh l\u1eadp t\u1eeb n\u0103m 2012, \u0111\u1ebfn nay Nam Th\u01b0 Media \u0111\u00e3 c\u00f3 nhi\u1ec1u kinh nghi\u1ec7m v\u1edbi nhi\u1ec1u d\u1ecbch v\u1ee5 nh\u01b0<\/p>\n<p>\u2013 T\u01b0 v\u1ea5n t\u1ed5 ch\u1ee9c c\u01b0\u1edbi<br \/>\u2013 D\u1ecbch v\u1ee5 Trang tr\u00ed nh\u00e0 tr\u1ecdn g\u00f3i<br \/>\u2013 D\u1ecbch v\u1ee5 Trang tr\u00ed r\u1ea1p \u2013 c\u1ed5ng hoa<br \/>\u2013 D\u1ecbch v\u1ee5 Cho thu\u00ea \u2013 B\u00e1n c\u00e1c thi\u1ebft b\u1ecb t\u1ed5 ch\u1ee9c c\u01b0\u1edbi<br \/>\u2013 D\u1ecbch v\u1ee5 \u00c2m Thanh \u00c1nh s\u00e1ng \u2013 S\u00e2n Kh\u1ea5u \u2013 backdrop<br \/>\u2013 D\u1ecbch v\u1ee5 m\u00e0n h\u00ecnh Led \u2013 L\u00e0m File \u2013 L\u00e0m clip photo wedding<br \/>\u2013 V\u00e0 c\u00e1c d\u1ecbch v\u1ee5 \u0111i k\u00e8m kh\u00e1c \u2026v\u2026.v<\/p>\n<p>Thi c\u00f4ng trang tr\u00ed t\u1ea1i nh\u00e0 ri\u00eang, t\u1ea1i nh\u00e0 h\u00e0ng, kh\u00e1ch s\u1ea1n, c\u00e1c khu ti\u1ec7c ngo\u00e0i tr\u1eddi.<\/p>\n<p><b>C\u00d4NG TY TNHH TRUY\u1ec0N TH\u00d4NG V\u00c0 S\u1ef0 KI\u1ec6N NAM TH\u01af<br \/><\/b>9\/1A NGUY\u1ec4N V\u0102N QU\u00c1, \u0110\u00d4NG H\u01afNG THU\u1eacN, QU\u1eacN 12, TP. HCM<\/p>\n<p>Hotline :\u00a0\u00a0<strong>0987654321<br \/><\/strong>H\u1ed7 tr\u1ee3 t\u01b0 v\u1ea5n tr\u1ef1c ti\u1ebfp :\u00a0Ms Ch\u00e2u Mai: <strong>0987654321<\/strong><\/p>\n\t\t<\/div>\n\t\t\t<\/div>\n\n\t\n<\/div>","protected":false},"excerpt":{"rendered":"","protected":false},"author":15,"featured_media":0,"parent":0,"menu_order":0,"comment_status":"closed","ping_status":"closed","template":"page-transparent-header.php","meta":{"footnotes":""},"class_list":["post-1312","page","type-page","status-publish","hentry"],"_links":{"self":[{"href":"https:\/\/namthumedia.com\/en\/wp-json\/wp\/v2\/pages\/1312","targetHints":{"allow":["GET"]}}],"collection":[{"href":"https:\/\/namthumedia.com\/en\/wp-json\/wp\/v2\/pages"}],"about":[{"href":"https:\/\/namthumedia.com\/en\/wp-json\/wp\/v2\/types\/page"}],"author":[{"embeddable":true,"href":"https:\/\/namthumedia.com\/en\/wp-json\/wp\/v2\/users\/15"}],"replies":[{"embeddable":true,"href":"https:\/\/namthumedia.com\/en\/wp-json\/wp\/v2\/comments?post=1312"}],"version-history":[{"count":0,"href":"https:\/\/namthumedia.com\/en\/wp-json\/wp\/v2\/pages\/1312\/revisions"}],"wp:attachment":[{"href":"https:\/\/namthumedia.com\/en\/wp-json\/wp\/v2\/media?parent=1312"}],"curies":[{"name":"wp","href":"https:\/\/api.w.org\/{rel}","templated":true}]}}