{"id":8765,"date":"2018-10-15T19:47:32","date_gmt":"2018-10-15T12:47:32","guid":{"rendered":"http:\/\/namthumedia.com\/?post_type=product&#038;p=8765"},"modified":"2021-04-15T09:54:20","modified_gmt":"2021-04-15T02:54:20","slug":"dia-chi-lam-cong-hoa-cuoi-ch91","status":"publish","type":"product","link":"https:\/\/namthumedia.com\/en\/product\/dia-chi-lam-cong-hoa-cuoi-ch91\/","title":{"rendered":"\u0110\u1ecba ch\u1ec9 l\u00e0m c\u1ed5ng hoa c\u01b0\u1edbi CH91"},"content":{"rendered":"<p><strong>C\u00d4NG TY TNHH TRUY\u1ec0N TH\u00d4NG V\u00c0 S\u1ef0 KI\u1ec6N NAM TH\u01af (<\/strong> <a href=\"https:\/\/namthumedia.com\/en\/\">www.namthumedia.com<\/a>) chuy\u00ean <strong>b\u00e1n v\u00e0 cho thu\u00ea \u0111\u00f4n hoa trang tr\u00ed<\/strong> b\u00e0n ti\u1ec7c, <strong>\u0111\u00f4n\u00a0hoa trang tr\u00ed l\u1ed1i \u0111i s\u00e2n kh\u1ea5u<\/strong> v\u1edbi s\u1ed1 l\u01b0\u1ee3ng l\u1edbn. \u0110\u00f4n hoa \u0111\u01b0\u1ee3c thi\u1ebft k\u1ebf, s\u1ea3n xu\u1ea5t v\u1edbi quy tr\u00ecnh nhanh, g\u1ecdn, cho ra nhi\u1ec1u s\u1ea3n ph\u1ea9m \u0111\u1eb9p, t\u1ed1t \u0111\u00e1p \u1ee9ng \u0111\u1ea7y \u0111\u1ee7 v\u00e0 nhanh ch\u00f3ng nhu c\u1ea7u \u0111a d\u1ea1ng v\u1edbi s\u1ed1 l\u01b0\u1ee3ng l\u1edbn c\u1ee7a qu\u00fd kh\u00e1ch h\u00e0ng<\/p>\n<p>T\u00ean s\u1ea3n ph\u1ea9m : \u0110\u00f4n hoa trang tr\u00ed m\u00e0u h\u1ed3ng tr\u1eafng<\/p>\n<p>M\u00e3 sp: DH06<\/p>\n<p><span style=\"font-size: 14pt; color: #ff0000;\">Li\u00ean h\u1ec7 t\u01b0 v\u1ea5n c\u01b0\u1edbi h\u1ecfi: 0987654321 ( Zalo\/viber 0987654321) \u2013 0123456789<\/span><\/p>\n<p><span style=\"font-size: 14pt; color: #ff0000;\">Email: namthumedia@gmail.com<\/span><\/p>\n<p><img decoding=\"async\" class=\"alignnone size-full wp-image-12699\" src=\"https:\/\/namthumedia.com\/wp-content\/uploads\/2021\/04\/165202019_276942424049863_2503672703968465013_n.jpg\" alt=\"\" width=\"950\" height=\"700\" srcset=\"https:\/\/namthumedia.com\/wp-content\/uploads\/2021\/04\/165202019_276942424049863_2503672703968465013_n.jpg 950w, https:\/\/namthumedia.com\/wp-content\/uploads\/2021\/04\/165202019_276942424049863_2503672703968465013_n-300x221.jpg 300w, https:\/\/namthumedia.com\/wp-content\/uploads\/2021\/04\/165202019_276942424049863_2503672703968465013_n-768x566.jpg 768w, https:\/\/namthumedia.com\/wp-content\/uploads\/2021\/04\/165202019_276942424049863_2503672703968465013_n-16x12.jpg 16w, https:\/\/namthumedia.com\/wp-content\/uploads\/2021\/04\/165202019_276942424049863_2503672703968465013_n-510x376.jpg 510w\" sizes=\"(max-width: 950px) 100vw, 950px\" \/><\/p>\n<p>&nbsp;<\/p>\n<p><strong><em>C\u00d4NG TY TNHH TRUY\u1ec0N TH\u00d4NG NAM TH\u01af<\/em><\/strong><\/p>\n<p><em>\u0110\u1ecba ch\u1ec9: 9\/1A NGUY\u1ec4N V\u0102N QU\u00c1, \u0110\u00d4NG H\u01afNG THU\u1eacN, QU\u1eacN 12, TP. HCM<\/em><\/p>\n<p><em><strong><a href=\"http:\/\/namthumedia.com\/en\/product-category\/backdrop\/\">Nh\u1eadn l\u00e0m backdrop c\u01b0\u1edbi h\u1ecfi,<\/a>\u00a0<a href=\"http:\/\/namthumedia.com\/en\/category\/dich-vu-cuoi-hoi\/dich-vu-trang-tri-backdrop-san-khau\/\">trang tr\u00ed backdrop c\u01b0\u1edbi theo y\u00eau c\u1ea7u kh\u00e1ch h\u00e0ng<\/a><\/strong><\/em><\/p>\n<p><span style=\"color: #ff0000; font-size: 14pt;\"><em>Hotline t\u01b0 v\u1ea5n cho thu\u00ea: 0987654321(Zalo\/viber 0123456789) \u2013 0987654321<\/em><\/span><\/p>\n<p><span style=\"color: #ff0000; font-size: 14pt;\"><em>Email: namthumedia@gmail.com<\/em><\/span><\/p>\n<p>\u260e 0987654321 \u260e 0987654321 \u260e 0987654321 \u260e\u00a0\u00a00987654321<\/p>","protected":false},"excerpt":{"rendered":"<p><strong>C\u00d4NG TY TNHH TRUY\u1ec0N TH\u00d4NG V\u00c0 S\u1ef0 KI\u1ec6N NAM TH\u01af (<\/strong> <a href=\"https:\/\/namthumedia.com\/en\/\">www.namthumedia.com<\/a>) chuy\u00ean <strong>b\u00e1n v\u00e0 cho thu\u00ea \u0111\u00f4n hoa trang tr\u00ed<\/strong> b\u00e0n ti\u1ec7c, <strong>\u0111\u00f4n\u00a0hoa trang tr\u00ed l\u1ed1i \u0111i s\u00e2n kh\u1ea5u<\/strong> v\u1edbi s\u1ed1 l\u01b0\u1ee3ng l\u1edbn. \u0110\u00f4n hoa \u0111\u01b0\u1ee3c thi\u1ebft k\u1ebf, s\u1ea3n xu\u1ea5t v\u1edbi quy tr\u00ecnh nhanh, g\u1ecdn, cho ra nhi\u1ec1u s\u1ea3n ph\u1ea9m \u0111\u1eb9p, t\u1ed1t \u0111\u00e1p \u1ee9ng \u0111\u1ea7y \u0111\u1ee7 v\u00e0 nhanh ch\u00f3ng nhu c\u1ea7u \u0111a d\u1ea1ng v\u1edbi s\u1ed1 l\u01b0\u1ee3ng l\u1edbn c\u1ee7a qu\u00fd kh\u00e1ch h\u00e0ng.<\/p>\n<p><em><strong><a href=\"http:\/\/namthumedia.com\/en\/product-category\/backdrop\/\">Nh\u1eadn l\u00e0m backdrop c\u01b0\u1edbi h\u1ecfi,<\/a>\u00a0<a href=\"http:\/\/namthumedia.com\/en\/category\/dich-vu-cuoi-hoi\/dich-vu-trang-tri-backdrop-san-khau\/\">trang tr\u00ed backdrop c\u01b0\u1edbi theo y\u00eau c\u1ea7u kh\u00e1ch h\u00e0ng<\/a><\/strong><\/em><\/p>\n<p><span style=\"color: #ff0000; font-size: 14pt;\"><em>Hotline t\u01b0 v\u1ea5n cho thu\u00ea: 0987654321(Zalo\/viber 0123456789) \u2013 0987654321<br \/>\n<\/em><\/span><span style=\"color: #ff0000; font-size: 14pt;\"><em>Email: namthumedia@gmail.com<br \/>\n<\/em><\/span>\u260e 0987654321 \u260e 0987654321 \u260e 0987654321 \u260e\u00a0\u00a00987654321<\/p>","protected":false},"featured_media":0,"comment_status":"open","ping_status":"closed","template":"","meta":[],"product_brand":[],"product_cat":[102],"product_tag":[2229,460,2227,2231,2232,2228,1921,2230,1344,1922,2226,2233],"class_list":{"0":"post-8765","1":"product","2":"type-product","3":"status-publish","5":"product_cat-ban-thap-ly-dam-cuoi","6":"product_tag-ban-cong-gia-cuoi-gia-re","7":"product_tag-ban-cong-hoa-rap-cuoi","8":"product_tag-chuyen-si-cong-hoa-cuoi","9":"product_tag-cong-hoa-cuoi-chan-cau-thang","10":"product_tag-cong-hoa-cuoi-ngoai-troi","11":"product_tag-cung-cap-cong-hoa-cuoi-si-va-le","12":"product_tag-nhan-lam-backdrop-cuoi-hoi","13":"product_tag-nhan-thi-cong-cong-hoa-cuoi-tai-nha-hang","14":"product_tag-thiet-ke-cong-hoa-cuoi-theo-yeu-cau","15":"product_tag-trang-tri-backdrop-cuoi-theo-yeu-cau-khach-hang","16":"product_tag-uong-san-xuat-cong-hoa-cuoi-ban-va-cho-thue","17":"product_tag-xem-mau-cong-hoa-cuoi-truc-tiep","19":"first","20":"instock","21":"sale","22":"shipping-taxable","23":"purchasable","24":"product-type-simple"},"_links":{"self":[{"href":"https:\/\/namthumedia.com\/en\/wp-json\/wp\/v2\/product\/8765","targetHints":{"allow":["GET"]}}],"collection":[{"href":"https:\/\/namthumedia.com\/en\/wp-json\/wp\/v2\/product"}],"about":[{"href":"https:\/\/namthumedia.com\/en\/wp-json\/wp\/v2\/types\/product"}],"replies":[{"embeddable":true,"href":"https:\/\/namthumedia.com\/en\/wp-json\/wp\/v2\/comments?post=8765"}],"wp:attachment":[{"href":"https:\/\/namthumedia.com\/en\/wp-json\/wp\/v2\/media?parent=8765"}],"wp:term":[{"taxonomy":"product_brand","embeddable":true,"href":"https:\/\/namthumedia.com\/en\/wp-json\/wp\/v2\/product_brand?post=8765"},{"taxonomy":"product_cat","embeddable":true,"href":"https:\/\/namthumedia.com\/en\/wp-json\/wp\/v2\/product_cat?post=8765"},{"taxonomy":"product_tag","embeddable":true,"href":"https:\/\/namthumedia.com\/en\/wp-json\/wp\/v2\/product_tag?post=8765"}],"curies":[{"name":"wp","href":"https:\/\/api.w.org\/{rel}","templated":true}]}}